{"id":2,"date":"2021-09-20T16:52:25","date_gmt":"2021-09-20T16:52:25","guid":{"rendered":"https:\/\/twojerecepty.pl\/?page_id=2"},"modified":"2021-09-20T15:12:51","modified_gmt":"2021-09-20T15:12:51","slug":"sample-page","status":"publish","type":"page","link":"https:\/\/twojerecepty.pl\/?page_id=2","title":{"rendered":"Regulamin sprzeda\u017cy online"},"content":{"rendered":"\n<p><strong>Definicje:<\/strong><br><strong>Regulamin<\/strong> \u2013\u00a0niniejszy regulamin sprzeda\u017cy on-line za po\u015brednictwem Strony Internetowej.<br><strong>Us\u0142ugodawca<\/strong>\u00a0\u2013 Prywatna Praktyka Lekarska lek. med. Micha\u0142 Jarosi\u0144ski, ul. Podklasztorna 120\/2, 25-708 Kielce, NIP 6572507128, REGON 260129933,<br><strong>Strona internetowa<\/strong>\u00a0\u2013 strona internetowa\u00a0www.twojerecepty.pl<br><strong>Kupuj\u0105cy\/Klient<\/strong>\u00a0\u2013 osoba, kt\u00f3ra dokona\u0142a zakupu on-line, a w szczeg\u00f3lno\u015bci pacjent<br><strong>Przelewy 24<\/strong> \u2013 dopuszczony przez Us\u0142ugodawc\u0119 system p\u0142atno\u015bci elektronicznych, umo\u017cliwiaj\u0105cy Klientom na dokonywanie automatycznych p\u0142atno\u015bci przelewami za Us\u0142ugi medyczne nabywane przez Stron\u0119 internetow\u0105. Serwis Przelewy24 jest prowadzony PayPro<br>SA, ul. Kanclerska 15, 60-327 Pozna\u0144, tel. +48 (61) 642 93 44, www.przelewy24.pl, e-mail: serwis@przelewy24.pl, KRS: 0000347935.<br><strong>Formularz wywiadu lekarskiego<\/strong> \u2013 formularz zawieraj\u0105cy pytania dotycz\u0105ce stanu zdrowia, za\u017cywanych lek\u00f3w, wyst\u0119puj\u0105cych dzia\u0142a\u0144 niepo\u017c\u0105danych i inne pytania stanowi\u0105ce wywiad lekarski, niezb\u0119dny do zrealizowania us\u0142ugi \u201eprzed\u0142u\u017cenia recepty\u201d;<br><strong>Rejestracja<\/strong> \u2013 kom\u00f3rka organizacyjna Us\u0142ugodawcy odpowiedzialna za kontakt z Klientem\/Kupuj\u0105cym w celu zawarcia umowy, dost\u0119pna pod numerem telefonu 602\u00a0182\u00a0321.<br><strong>Us\u0142uga \u201eprzed\u0142u\u017cenie recepty\u201d<\/strong> \u2013 \u015bwiadczona przez Us\u0142ugodawc\u0119 us\u0142uga przed\u0142u\u017cenia recepty na wcze\u015bniej zaordynowany lek, bez konieczno\u015bci odbywania osobistej wizyty lekarskiej; Kupuj\u0105cy w ramach realizacji us\u0142ugi otrzymuje kod e-recepty do realizacji w<br>aptece;<\/p>\n\n\n\n<p><strong>I. POSTANOWIENIA OG\u00d3LNE<\/strong><\/p>\n\n\n\n<ol><li>Us\u0142ugodawca za po\u015brednictwem Strony Internetowej oferuje swoim klientom dost\u0119p do us\u0142ug medycznych w ramach sprzeda\u017cy on-line.<\/li><li>Z us\u0142ugi \u201eprzed\u0142u\u017c recept\u0119\u201d mog\u0105 korzysta\u0107 tylko i wy\u0142\u0105cznie osoby, kt\u00f3re s\u0105 pacjentami us\u0142ugodawcy, to znaczy odby\u0142y ju\u017c co najmniej jedn\u0105 wizyt\u0119 lekarsk\u0105 w siedzibie us\u0142ugodawcy, w ramach kt\u00f3rej zapisano im lek do sta\u0142ego stosowania (np. lek antykoncepcyjny, hormonaln\u0105 terapi\u0119 zast\u0119pcz\u0105, itp.).<\/li><li>Umowa sprzeda\u017cy pomi\u0119dzy Kupuj\u0105cym, a Us\u0142ugodawc\u0105 zostaje zawarta w przypadku spe\u0142nienia wymaganych procedur rejestracyjnych:<br>a. z\u0142o\u017cenia przez Kupuj\u0105cego zam\u00f3wienia on-line poprzez wype\u0142nienie formularza dost\u0119pnego na stronie internetowej w tym sumiennego wype\u0142nienia formularza wywiadu lekarskiego; do finalizacji zam\u00f3wienia dochodzi, gdy Klient zaakceptuje zam\u00f3wienie z obowi\u0105zkiem zap\u0142aty i akceptacji Regulaminu oraz Polityki Prywatno\u015bci.<br>b. uiszczenia przez Kupuj\u0105cego zap\u0142aty za zam\u00f3wienie przelewem bankowym on-line za pomoc\u0105 systemu Przelewy24;<\/li><\/ol>\n\n\n\n<p>c. otrzymania przez Kupuj\u0105cego potwierdzenia realizacji transakcji na wskazany przez Kupuj\u0105cego adres e-mail, przes\u0142anego z systemu Przelewy24.<\/p>\n\n\n\n<ol start=\"3\"><li>Us\u0142ugodawca nie ponosi odpowiedzialno\u015bci za jakiekolwiek problemy, przerwy i b\u0142\u0119dy natury technicznej oraz ograniczenia w dost\u0119pno\u015bci us\u0142ug wynikaj\u0105ce z przyczyn le\u017c\u0105cych po stronie Klienta.<\/li><li>Przed przyst\u0105pieniem do realizacji zakupu on-line, Klient zobligowany jest zapozna\u0107 si\u0119 z Regulaminami oraz Polityk\u0105 Prywatno\u015bci znajduj\u0105cymi si\u0119 w zak\u0142adce Regulaminy. Zakup us\u0142ugi przez Internet jest r\u00f3wnoznaczny z akceptacj\u0105 ich tre\u015bci.<\/li><li>Us\u0142ugodawca uprawniony jest do odst\u0105pienia od realizacji zam\u00f3wionej us\u0142ugi w przypadku:<br>a. gdy podane przez Klienta dane s\u0105 nieprawid\u0142owe, fa\u0142szywe lub niezgodne z prawd\u0105;<br>b. wyst\u0105pienia b\u0142\u0119du w z\u0142o\u017conym zam\u00f3wieniu lub wyst\u0105pienia innej przyczyny uniemo\u017cliwiaj\u0105cej realizacj\u0119 us\u0142ugi z winy Klienta;<br>c. powzi\u0119cia przez Us\u0142ugodawc\u0119 informacji, z kt\u00f3rych mo\u017ce wynika\u0107, i\u017c Klient dokonuj\u0105c zam\u00f3wienia naruszy\u0142 obowi\u0105zuj\u0105ce przepisy prawa.<\/li><li>P\u0142atno\u015bci za us\u0142ugi zakupione za po\u015brednictwem Strony internetowej odbywaj\u0105 si\u0119 za po\u015brednictwem Przelewy 24, na zasadach i zgodnie z regulaminem us\u0142ugi okre\u015blonych przez ich dostawc\u0119, a dost\u0119pnego na stronach http:\/\/www.przelewy24.pl\/regulamin.<\/li><li>Us\u0142ugodawca nie ponosi odpowiedzialno\u015bci za jakiekolwiek skutki wywo\u0142ane nieprawid\u0142owym funkcjonowaniem systemu p\u0142atniczego Przelewy24.<\/li><li>Klient jest \u015bwiadomy i akceptuje fakt, \u017ce ostateczna decyzja odno\u015bnie mo\u017cliwo\u015bci realizacji us\u0142ugi \u201eprzed\u0142u\u017cenie recepty\u201d nale\u017cy wy\u0142\u0105cznie do lekarza. W przypadku, gdy podczas realizacji us\u0142ugi lekarz stwierdzi, \u017ce w celu jej pe\u0142nego wykonania niezb\u0119dna jest bezpo\u015brednia wizyta w plac\u00f3wce, jej kontynuacja nast\u0105pi w innym<br>ustalonym przez Klienta z Rejestracj\u0105 terminie. W takiej sytuacji cena wizyty lekarskiej w plac\u00f3wce zostanie pomniejszona o cen\u0119 us\u0142ugi \u201eprzed\u0142u\u017cenie recepty\u201d.<\/li><li>Rejestracja jest dost\u0119pna w godzinach od 8 do 21 w poniedzia\u0142ki, od 8 do 18 we wtorki oraz \u015brody, od 8 do 15 we czwartki oraz pi\u0105tki, za wyj\u0105tkiem dni \u015bwi\u0105tecznych oraz z uwzgl\u0119dnieniem zakaz\u00f3w oraz ogranicze\u0144 wynikaj\u0105cych z aktualnie obowi\u0105zuj\u0105cych przepis\u00f3w prawa, a tak\u017ce niezb\u0119dnych dla zapewnienia jej prawid\u0142owej pracy przerw technicznych.<\/li><\/ol>\n\n\n\n<p><strong>II. WALIDACJA ZAKUPU I US\u0141UGI<\/strong><\/p>\n\n\n\n<ol><li>Ceny us\u0142ug umieszczone na stronie internetowej s\u0105 cenami brutto.<\/li><li>Realizacja zakupionych us\u0142ug rozpocznie si\u0119 niezw\u0142ocznie po zaksi\u0119gowaniu wp\u0142aty przez Przelewy24.<\/li><li>P\u0142atno\u015b\u0107 uznaje si\u0119 za dokonan\u0105 z momentem otrzymania przez Us\u0142ugodawc\u0119 informacji o ustanowieniu nowej transakcji w serwisie Przelewy24 i wp\u0142ywie \u015brodk\u00f3w na rachunek Przelewy24.\u00a0<\/li><li>Czas realizacji us\u0142ugi \u201eprzed\u0142u\u017cenie recepty\u201d wynosi dwa dni robocze.<\/li><li>W ramach walidacji zakupionej us\u0142ugi zostanie wystawiony paragon fiskalny lub (na \u017c\u0105danie Klienta) faktura. W przypadku realizacji us\u0142ugi \u201eprzed\u0142u\u017cenie recepty\u201d paragon \/ faktura b\u0119dzie do odebrania w rejestracji mieszcz\u0105cej si\u0119 w siedzibie us\u0142ugodawcy.<\/li><li>Za po\u015brednictwem Stron Internetowych mo\u017cna kupi\u0107 us\u0142ugi w cenach podanych na stronie internetowej Us\u0142ugodawcy.<\/li><li>Informacje o Us\u0142ugach dost\u0119pnych za po\u015brednictwem Stron Internetowych stanowi\u0105 zaproszenie do zawarcia umowy w rozumieniu art. 71 Kodeksu cywilnego.<\/li><li>Us\u0142ugodawca zastrzega sobie prawo do dokonywania zmian cen us\u0142ug oraz ich zakresu; zmiany te nie wymagaj\u0105 innego powiadomienia ni\u017c ich aktualizacja na Stronach Internetowych Us\u0142ugodawcy.<\/li><li>Us\u0142ugodawca zastrzega sobie mo\u017cliwo\u015b\u0107 zako\u0144czenia sprzeda\u017cy przez Stron\u0119 Internetow\u0105 w ka\u017cdej chwili, bez podawania przyczyn.<\/li><li>Us\u0142ugodawca nie ponosi odpowiedzialno\u015bci za skutki podania przez Kupuj\u0105cego nieprawdziwych lub b\u0142\u0119dnych danych w formularzu zam\u00f3wienia.<\/li><\/ol>\n\n\n\n<p><strong>III. ODST\u0104PIENIE OD UMOWY ORAZ REKLAMACJA<\/strong><\/p>\n\n\n\n<ol><li>Klient mo\u017ce odst\u0105pi\u0107 od umowy bez podania przyczyny w terminie 14 dni od daty zawarcia umowy. Dla swej skuteczno\u015bci, odst\u0105pienie wymaga zachowania formy pisemnej i powinno zosta\u0107 wys\u0142ane na adres Us\u0142ugodawcy lub za po\u015brednictwem poczty elektronicznej na adres e-mail: <a rel=\"noreferrer noopener\" href=\"mailto:rejestracja@gemma-intima.pl\" target=\"_blank\">rejestracja@gemma-intima.pl<\/a><\/li><li>W terminie 14 dni roboczych od momentu otrzymania informacji o odst\u0105pieniu przez Klienta od umowy, ca\u0142o\u015b\u0107 wp\u0142aconej kwoty zostanie zwr\u00f3cona za po\u015brednictwem aplikacji Przelewy24 na rachunek bankowy z kt\u00f3rego dokonano wp\u0142at\u0119.<\/li><li>Klient nie mo\u017ce odst\u0105pi\u0107 od umowy je\u017celi us\u0142uga zosta\u0142a ju\u017c zrealizowana lub realizacja us\u0142ugi ju\u017c si\u0119 rozpocz\u0119\u0142a.<\/li><li>Wszelkie reklamacje nale\u017cy kierowa\u0107 pisemnie na adres Us\u0142ugodawcy ul.Podklasztorna 120\/2, 25-708 Kielce. Reklamacje mo\u017cna r\u00f3wnie\u017c zg\u0142asza\u0107 za po\u015brednictwem poczty elektronicznej na adres <a rel=\"noreferrer noopener\" href=\"mailto:rejestracja@gemma-intima.pl\" target=\"_blank\">rejestracja@gemma-intima.pl<\/a><\/li><li>Zg\u0142oszenie reklamacji powinno zawiera\u0107:<br>a. dane Kupuj\u0105cego zgodne z danymi podanymi przy dokonywaniu zakupu,<br>b. dat\u0119 dokonania transakcji zakupu,<br>c. opis reklamacji.<\/li><li>Reklamacja zostanie rozpatrzona nie p\u00f3\u017aniej ni\u017c w terminie 14 dni od momentu jej zg\u0142oszenia.<\/li><li>Informacja o przyj\u0119ciu lub odrzuceniu reklamacji zostanie przes\u0142ana Kupuj\u0105cemu na podany przez niego adres poczty elektronicznej.<\/li><\/ol>\n\n\n\n<p><strong>IV. OCHRONA DANYCH OSOBOWYCH<\/strong><br>Zgodnie z art. 13 ust. 1 i ust. 2 og\u00f3lnego rozporz\u0105dzenia o ochronie danych osobowych z dnia 27 kwietnia 2016 r. (dalej: RODO) informujemy, \u017ce:<\/p>\n\n\n\n<ol><li>Administratorem Pa\u0144stwa danych osobowych jest Prywatna Praktyka Lekarska lek. med. Micha\u0142 Jarosi\u0144ski, ul. Podklasztorna 120\/2, 25-708 Kielce. Osob\u0105 kontaktow\u0105 w sprawach ochrony danych osobowych jest Inspektor Ochrony Danych dost\u0119pny pod adresem e-mail: <a rel=\"noreferrer noopener\" href=\"mailto:jarosinski@gemma-intima.pl\" target=\"_blank\">jarosinski@gemma-intima.pl<\/a>.<\/li><li>Pa\u0144stwa dane osobowe przetwarzane b\u0119d\u0105:\u00a0<br>a. w celu zawarcia i realizacji umowy oraz realizacji z\u0142o\u017conego za po\u015brednictwem Strony Internetowej zam\u00f3wienia na podstawie art. 6 ust. 1 lit. b RODO \u2013 w przypadku z\u0142o\u017cenia zam\u00f3wienia za po\u015brednictwem Strony Internetowej;<br>b. w celu udzielenia odpowiedzi na pytanie zadane przez formularz kontaktowy za po\u015brednictwem kana\u0142\u00f3w komunikacji, kt\u00f3re wskazali Pa\u0144stwo w formularzu &#8211; na podstawie art. 6 ust. 1 lit. a RODO;<br>c. w celu wype\u0142nienia obowi\u0105zk\u00f3w prawnych ci\u0105\u017c\u0105cych na administratorze danych osobowych \u2013 na podstawie art. 6 ust. 1 lit. c RODO;<\/li><\/ol>\n\n\n\n<p>d. do cel\u00f3w wynikaj\u0105cych z prawnie uzasadnionych interes\u00f3w realizowanych przez administratora lub stron\u0119 trzeci\u0105, a w szczeg\u00f3lno\u015bci w celu dochodzenia, ustalenia i obrony przed roszczeniami, zapewnienia bezpiecze\u0144stwa teleinformatycznego,<br>stosowania system\u00f3w kontroli wewn\u0119trznej, jak r\u00f3wnie\u017c w celach analitycznych, archiwalnych i\u00a0statystycznych (na podstawie art. 6 ust. 1 lit. f RODO).<\/p>\n\n\n\n<ol start=\"3\"><li>Pa\u0144stwa dane osobowe b\u0119d\u0105 przetwarzane tylko przez upowa\u017cnionych pracownik\u00f3w administratora danych. Odbiorc\u0105 Pa\u0144stwa danych mog\u0105 by\u0107 zewn\u0119trzni dostawcy us\u0142ug (np.\u00a0laboratoria analityczne, podmioty \u015bwiadcz\u0105ce us\u0142ugi IT, us\u0142ugi ksi\u0119gowo \u2013 podatkowe, inne podmioty przetwarzaj\u0105ce dane w\u00a0imieniu administratora na\u00a0podstawie umowy powierzenia przetwarzania danych osobowych), a tak\u017ce podmioty upowa\u017cnione na podstawie obowi\u0105zuj\u0105cych przepis\u00f3w prawa (w szczeg\u00f3lno\u015bci s\u0105dy i organy pa\u0144stwowe).<\/li><li>Pa\u0144stwa dane osobowe nie b\u0119d\u0105 przekazywane do pa\u0144stw trzecich i organizacji mi\u0119dzynarodowych.\u00a0<\/li><li>Pa\u0144stwa dane osobowe b\u0119d\u0105 przechowywane przez nast\u0119puj\u0105ce okresy czasu:\u00a0<br>a. w odniesieniu do celu przetwarzania zdefiniowanego w pkt 3 lit. b &#8211; do czasu pe\u0142nej realizacji umowy (w tym pe\u0142nej realizacji zam\u00f3wienia) lub do momentu rozwi\u0105zania umowy o \u015bwiadczenie us\u0142ug drog\u0105 elektroniczn\u0105, a p\u00f3\u017aniej przez okres wynikaj\u0105cy z przepis\u00f3w o archiwizacji i przedawnieniu roszcze\u0144 oraz przepis\u00f3w prawa podatkowego,<br>b. w odniesieniu do celu przetwarzania zdefiniowanego w pkt 3 lit. a &#8211; przez okres niezb\u0119dny do wyja\u015bnienia sprawy w zwi\u0105zku otrzymaniem zapytania przez formularz kontaktowy dost\u0119pny w ramach sklepu internetowego lub do momentu wycofania zgody,<br>c. \u00a0w odniesieniu do celu przetwarzania zdefiniowanego w pkt 3 lit. c, e i f \u2013 przez okres niezb\u0119dny do realizacji wskazanego celu przetwarzania, przez okres wynikaj\u0105cy z przepis\u00f3w o archiwizacji i przedawnieniu roszcze\u0144, przepis\u00f3w prawa podatkowego oraz innych przepis\u00f3w prawnych. Po up\u0142ywie wskazanych okres\u00f3w dane zostan\u0105 usuni\u0119te.<\/li><li>Posiadaj\u0105 Pa\u0144stwo prawo dost\u0119pu do tre\u015bci swoich danych oraz prawo ich sprostowania, usuni\u0119cia, ograniczenia przetwarzania, prawo do przenoszenia danych, prawo wniesienia sprzeciwu, prawo do cofni\u0119cia zgody w dowolnym momencie bez wp\u0142ywu na zgodno\u015b\u0107 z prawem przetwarzania, kt\u00f3rego dokonano na podstawie zgody<br>przed jej cofni\u0119ciem;<\/li><li>Maj\u0105 Pa\u0144stwo prawo wniesienia skargi do organu nadzorczego gdy uznaj\u0105 Pa\u0144stwo, i\u017c przetwarzanie danych osobowych Pa\u0144stwa dotycz\u0105cych narusza przepisy RODO.<\/li><\/ol>\n\n\n\n<p><strong>V. POSTANOWIENIA KO\u0143COWE<\/strong><\/p>\n\n\n\n<ol><li>Kupuj\u0105cy wyra\u017ca zgod\u0119 na przechowywanie i przetwarzanie przez Us\u0142ugodawc\u0119 danych osobowych Kupuj\u0105cego w celu realizacji zam\u00f3wienia, kontaktu z Kupuj\u0105cym oraz wszelkich dzia\u0142a\u0144 niezb\u0119dnych do wykonania umowy, szczeg\u00f3\u0142owa polityka<br>ochrony danych osobowych dost\u0119pny jest na Stronie Internetowej Us\u0142ugodawcy.<\/li><li>Klient podaj\u0105c dane o\u015bwiadcza, \u017ce podane przez niego dane osobowe s\u0105 jego danymi.<\/li><li>Us\u0142ugodawca zastrzega sobie prawo do zmiany niniejszego regulaminu. Ka\u017cdorazowa zmiana nie b\u0119dzie wymaga\u0142a wcze\u015bniejszego powiadomienia ani zgody Kupuj\u0105cych.<\/li><li>Niniejszy Regulamin sprzeda\u017cy on-line dost\u0119pny jest na Stronie Internetowej oraz w siedzibie Us\u0142ugodawcy.<\/li><\/ol>\n\n\n\n<p><\/p>\n","protected":false},"excerpt":{"rendered":"<p>Definicje:Regulamin \u2013\u00a0niniejszy regulamin sprzeda\u017cy on-line za po\u015brednictwem Strony Internetowej.Us\u0142ugodawca\u00a0\u2013 Prywatna Praktyka Lekarska lek. med. Micha\u0142 Jarosi\u0144ski, ul. Podklasztorna 120\/2, 25-708 Kielce, NIP 6572507128, REGON 260129933,Strona internetowa\u00a0\u2013 strona internetowa\u00a0www.twojerecepty.plKupuj\u0105cy\/Klient\u00a0\u2013 osoba, kt\u00f3ra dokona\u0142a zakupu on-line, a w szczeg\u00f3lno\u015bci pacjentPrzelewy 24 \u2013 dopuszczony przez Us\u0142ugodawc\u0119 system p\u0142atno\u015bci elektronicznych, umo\u017cliwiaj\u0105cy Klientom na dokonywanie automatycznych [&hellip;]<\/p>\n","protected":false},"author":1,"featured_media":0,"parent":0,"menu_order":0,"comment_status":"closed","ping_status":"open","template":"","meta":[],"_links":{"self":[{"href":"https:\/\/twojerecepty.pl\/index.php?rest_route=\/wp\/v2\/pages\/2"}],"collection":[{"href":"https:\/\/twojerecepty.pl\/index.php?rest_route=\/wp\/v2\/pages"}],"about":[{"href":"https:\/\/twojerecepty.pl\/index.php?rest_route=\/wp\/v2\/types\/page"}],"author":[{"embeddable":true,"href":"https:\/\/twojerecepty.pl\/index.php?rest_route=\/wp\/v2\/users\/1"}],"replies":[{"embeddable":true,"href":"https:\/\/twojerecepty.pl\/index.php?rest_route=%2Fwp%2Fv2%2Fcomments&post=2"}],"version-history":[{"count":1,"href":"https:\/\/twojerecepty.pl\/index.php?rest_route=\/wp\/v2\/pages\/2\/revisions"}],"predecessor-version":[{"id":7,"href":"https:\/\/twojerecepty.pl\/index.php?rest_route=\/wp\/v2\/pages\/2\/revisions\/7"}],"wp:attachment":[{"href":"https:\/\/twojerecepty.pl\/index.php?rest_route=%2Fwp%2Fv2%2Fmedia&parent=2"}],"curies":[{"name":"wp","href":"https:\/\/api.w.org\/{rel}","templated":true}]}}